{"id":5926,"date":"2016-02-23T08:15:25","date_gmt":"2016-02-23T08:15:25","guid":{"rendered":"http:\/\/bravolegal.es\/web2016\/?page_id=5926"},"modified":"2021-03-27T10:10:35","modified_gmt":"2021-03-27T10:10:35","slug":"aviso-legal","status":"publish","type":"page","link":"https:\/\/bravolegal.es\/es\/aviso-legal\/","title":{"rendered":"Aviso Legal"},"content":{"rendered":"<p style=\"text-align: justify;\"><span style=\"font-size: medium;\"><b>AVISO LEGAL, T\u00c9RMINOS Y CONDICIONES<\/b><\/span><br \/>\nEste aviso legal se refiere al sitio web<b> www.bravolegal.es<\/b> propiedad de <strong>BRAVO LEGAL, S.L.<\/strong> (en adelante EL PROPIETARIO).<br \/>\nEl uso de este SITIO WEB implica la aceptaci\u00f3n de los T\u00c9RMINOS Y CONDICIONES establecidos en este Aviso Legal, debiendo cesar en su uso inmediatamente si no se acepta parcial o totalmente.<\/p>\n<p style=\"text-align: justify;\"><b>INFORMACI\u00d3N CORPORATIVA<\/b><br \/>\nEn cumplimiento con lo dispuesto en la Ley 34\/2002 de Servicios de la Sociedad de la Informaci\u00f3n y Comercio Electr\u00f3nico (en adelante LSSI-CE), y el\u00a0 Reglamento (UE) 2016\/679 del Parlamento Europeo y del Consejo, de 27 de abril de 2016 -EDL 2016\/48900-, relativo a la protecci\u00f3n de las personas f\u00edsicas en lo que respecta al tratamiento de datos personales y a la libre circulaci\u00f3n de estos datosse pone a disposici\u00f3n de los usuarios la siguiente informaci\u00f3n:<\/p>\n<p>Nombre: <strong>BRAVO LEGAL S.L.<\/strong><br \/>\nCIF: B-29783495<br \/>\nDirecci\u00f3n: C\/ C\u00f3rdoba 9, Oficina 5<br \/>\nFuengirola 29640 (M\u00e1laga)<br \/>\nTel\u00e9fono: 952 46 34 99<br \/>\ne-mail: info@bravolegal.es<\/p>\n<p style=\"text-align: justify;\"><strong>SEGURIDAD.<\/strong><br \/>\nEste sitio web utiliza un certificado SSL de <a href=\"https:\/\/sectigo.com\/\">Sectigo<\/a> para asegurar las transacciones en l\u00ednea para los clientes. Todos los datos que env\u00ede a este sitio web a trav\u00e9s de una conexi\u00f3n https se cifrar\u00e1n de forma segura con los algoritmos m\u00e1s potentes disponibles.<\/p>\n<p style=\"text-align: justify;\"><b>PROPIEDAD INTELECTUAL<\/b><br \/>\nEl contenido de este SITIO WEB (estructura, ordenaci\u00f3n, textos, im\u00e1genes, sonido, documentos, bases de datos, c\u00f3digos fuente, v\u00eddeo, etc\u2026) son propiedad de EL PROPIETARIO.<br \/>\nLa reproducci\u00f3n parcial o total de alguno de sus contenidos, copia, uso, distribuci\u00f3n, comercializaci\u00f3n, comunicaci\u00f3n p\u00fablica o cualquier otra actividad que se realice con la informaci\u00f3n contenida en este SITIO WEB y que se efect\u00fae sin la autorizaci\u00f3n previa de EL PROPIETARIO, salvo para uso personal y privado, queda expresamente prohibida.<br \/>\nEl uso no autorizado del SITIO WEB o del contenido definido anteriormente puede violar las leyes vigentes actualmente en Espa\u00f1a sobre propiedad intelectual e industrial.<br \/>\nEL PROPIETARIO se reserva el derecho de cambiar, ampliar o modificar estos t\u00e9rminos y condiciones, actualizando este AVISO LEGAL sin previo aviso, por lo que se le recomienda que lo consulte de forma peri\u00f3dica para conocer en todo momento la versi\u00f3n actualizada del mismo, que entra en vigor desde el momento de su publicaci\u00f3n en este SITIO WEB.<br \/>\nLos nombres, marcas, logotipos u otros contenidos susceptibles de registro pertenecientes a terceros expuestos en este SITIO WEB est\u00e1n protegidos por sus respectivas pol\u00edticas legales y bajo las directrices de los respectivos due\u00f1os.<\/p>\n<p style=\"text-align: justify;\"><b>RESPONSABILIDAD LIMITADA<\/b><br \/>\nEl usuario se compromete a utilizar este SITIO WEB de forma no fraudulenta y bajo las condiciones aqu\u00ed recogidas. EL PROPIETARIO exime cualquier responsabilidad sobre el uso no autorizado que cualquier usuario pueda realizar del contenido o servicios expuestos en este SITIO WEB, ni de posibles infracciones de derechos de terceros que puedan cometerse por personas que hagan uso de forma fraudulenta de los permisos de acceso a este SITIO WEB (si los hubiere).<br \/>\nLas contrase\u00f1as de acceso a la parte privada para los clientes son confidenciales y de uso exclusivo para la persona autorizada, quedando absolutamente prohibida la cesi\u00f3n, ni siquiera temporal, de las mismas. Cualquier uso indebido detectado por EL PROPIETARIO podr\u00e1 dar lugar a la eliminaci\u00f3n inmediata del acceso proporcionado por dicha\/s contrase\u00f1a\/s objeto de la infracci\u00f3n, sin perjuicio de las medidas legales que, en su caso, EL PROPIETARIO pudiera adoptar.<br \/>\nEL PROPIETARIO no garantiza la exactitud de los contenidos expuestos en este SITIO WEB y rechaza cualquier responsabilidad sobre los posibles da\u00f1os causados por la irregularidad de los mismos. En ning\u00fan caso se responsabiliza de los da\u00f1os causados a los usuarios que utilicen el SITIO WEB por las posibles anomal\u00edas en el funcionamiento del mismo tales como interrupciones del servicio, virus inform\u00e1ticos, sobrecargas en la red, etc.<br \/>\nAunque EL PROPIETARIO tiene un fuerte compromiso para garantizar el buen funcionamiento del mismo y adopta medidas t\u00e9cnicas de protecci\u00f3n espec\u00edficas, el usuario debe ser consciente de que las medidas de seguridad en Internet no son inexpugnables.<br \/>\nAs\u00ed mismo, excluye toda responsabilidad derivada de los contenidos o servicios de cualquier \u00edndole de sitios web a los que se pueda acceder mediante enlaces (LINKS) contenidos en este SITIO WEB. Los sitios enlazados, no son controlados por EL PROPIETARIO ni es responsable de su mantenimiento o actualizaci\u00f3n. Los enlaces son proporcionados para comodidad del usuario, sin que ello suponga la aprobaci\u00f3n de los contenidos recogidos en tales sitios enlazados.<\/p>\n<p style=\"text-align: justify;\"><strong>PREVENCION DE BLANQUEO DE CAPITALES<\/strong><br \/>\nDe acuerdo con la <a href=\"https:\/\/www.boe.es\/buscar\/act.php?id=BOE-A-2010-6737\">Ley 10\/2010, de 28 de abril, de Prevenci\u00f3n del Blanqueo de Capitales y financiaci\u00f3n del terrorismo<\/a>, nuestro despacho est\u00e1 obligado a cumplir con unos procedimientos espec\u00edficos. Como consecuencia de lo anterior, nuestros clientes pueden tener que aportar alguna informaci\u00f3n y documentaci\u00f3n espec\u00edfica, en funci\u00f3n de los servicios que nos soliciten.<\/p>\n<p><b>POL\u00cdTICA DE PRIVACIDAD DE DATOS PERSONALES<\/b><br \/>\nEn cumplimiento con la Reglamento (UE) 2016\/679 del Parlamento Europeo y del Consejo, de 27 de abril de 2016 &#8211;<a href=\"http:\/\/online.elderecho.com\/index.jsp?producto_inicial=*&amp;indice=legislacion&amp;nref=2016\/48900\" target=\"_self\" rel=\"noopener noreferrer\">EDL 2016\/48900<\/a>-, relativo a la protecci\u00f3n de las personas f\u00edsicas en lo que respecta al tratamiento de datos personales y a la libre circulaci\u00f3n de estos datos, se le informa que la informaci\u00f3n que los usuarios pueden proporcionar a trav\u00e9s de correo electr\u00f3nico o formularios de recogida de datos ser\u00e1n incluidos en un fichero de tratamiento de datos bajo la responsabilidad de Bravo Legal S.L., con la finalidad de gestionar administrativamente las relaciones comerciales solicitadas, as\u00ed como de mantenerle informado de asuntos relacionados para su inter\u00e9s.<br \/>\nEn ning\u00fan caso sus datos ser\u00e1n cedidos a terceros bajo ning\u00fan concepto sin su autorizaci\u00f3n expresa.<br \/>\nEn este SITIO WEB es posible que se utilicen t\u00e9cnicas de registro de informaci\u00f3n (COOKIES), pero de ning\u00fan modo se almacenan datos de car\u00e1cter personal de forma autom\u00e1tica mediante esta u otras v\u00edas. Por favor <a href=\"https:\/\/bravolegal.es\/politica-de-cookies\/\">pulse en este enlace para saber mas sobre nuestra pol\u00edtica de \u00abcookies\u00bb.<\/a><br \/>\nPor su parte, el usuario garantiza que los datos facilitados son veraces y se hace responsable de comunicar cualquier modificaci\u00f3n en los mismos, para que \u00e9ste los pueda mantener actualizados en sus ficheros.<br \/>\nEn cualquier momento puede ejercer sus derechos de Acceso, Rectificaci\u00f3n, Cancelaci\u00f3n y Oposici\u00f3n dirigi\u00e9ndose por escrito a la direcci\u00f3n indicada:<\/p>\n<p>Direcci\u00f3n:<br \/>\n<strong>BRAVO LEGAL S.L.<\/strong><br \/>\nAtt. Responsable Departamento LOPD<br \/>\nC\/ C\u00f3rdoba 9, Oficina 5<br \/>\nFuengirola 29640 (M\u00e1laga)<\/p>\n<p>Para cualquier otro asunto o consulta puede tambi\u00e9n contactar con nosotros a traves de nuestro tel\u00e9fono, fax o email:<\/p>\n<p>Tel\u00e9fono: 952 46 34 99<br \/>\ne-mail: <a href=\"mailto:info@bravolegal.es\">info@bravolegal.es<\/a><\/p>\n","protected":false},"excerpt":{"rendered":"<p>AVISO LEGAL, T\u00c9RMINOS Y CONDICIONES Este aviso legal se refiere al sitio web www.bravolegal.es propiedad de BRAVO LEGAL, S.L. (en adelante EL PROPIETARIO). El uso de este SITIO WEB implica la aceptaci\u00f3n de los T\u00c9RMINOS Y CONDICIONES establecidos en este Aviso Legal, debiendo cesar en su uso inmediatamente si no se acepta parcial o totalmente&#8230;. <\/p>\n<div class=\"clear\"><\/div>\n<p><a href=\"https:\/\/bravolegal.es\/es\/aviso-legal\/\" class=\"excerpt-read-more\">Leer m\u00e1s<\/a><\/p>\n","protected":false},"author":1,"featured_media":0,"parent":0,"menu_order":0,"comment_status":"closed","ping_status":"closed","template":"","meta":[],"yoast_head":"<!-- This site is optimized with the Yoast SEO Premium plugin v15.5 - https:\/\/yoast.com\/wordpress\/plugins\/seo\/ -->\n<title>AVISO LEGAL WWW.BRAVOLEGAL.ES - SEGURIDAD Y PRIVACIDAD<\/title>\n<meta name=\"description\" content=\"Aviso Legal de la web www.bravolegal.es: Datos corporativos, Privacidad, Seguridad, Responsabilidad Limitada, etc.\" \/>\n<meta name=\"robots\" content=\"index, follow, max-snippet:-1, max-image-preview:large, max-video-preview:-1\" \/>\n<link rel=\"canonical\" href=\"https:\/\/bravolegal.es\/es\/aviso-legal\/\" \/>\n<meta property=\"og:locale\" content=\"es_ES\" \/>\n<meta property=\"og:type\" content=\"article\" \/>\n<meta property=\"og:title\" content=\"AVISO LEGAL WWW.BRAVOLEGAL.ES - SEGURIDAD Y PRIVACIDAD\" \/>\n<meta property=\"og:description\" content=\"Aviso Legal de la web www.bravolegal.es: Datos corporativos, Privacidad, Seguridad, Responsabilidad Limitada, etc.\" \/>\n<meta property=\"og:url\" content=\"https:\/\/bravolegal.es\/es\/aviso-legal\/\" \/>\n<meta property=\"og:site_name\" content=\"BRAVO LEGAL, S.L\" \/>\n<meta property=\"article:publisher\" content=\"https:\/\/www.facebook.com\/bravolegal\/\" \/>\n<meta property=\"article:modified_time\" content=\"2021-03-27T10:10:35+00:00\" \/>\n<meta name=\"twitter:card\" content=\"summary\" \/>\n<meta name=\"twitter:site\" content=\"@bravolegalspain\" \/>\n<meta name=\"twitter:label1\" content=\"Tiempo de lectura\">\n\t<meta name=\"twitter:data1\" content=\"5 minutos\">\n<script type=\"application\/ld+json\" class=\"yoast-schema-graph\">{\"@context\":\"https:\/\/schema.org\",\"@graph\":[{\"@type\":\"Organization\",\"@id\":\"https:\/\/bravolegal.es\/#organization\",\"name\":\"Bravo Legal S.L.\",\"url\":\"https:\/\/bravolegal.es\/\",\"sameAs\":[\"https:\/\/www.facebook.com\/bravolegal\/\",\"https:\/\/www.linkedin.com\/in\/bravolegal?trk=nav_responsive_tab_profile\",\"https:\/\/twitter.com\/bravolegalspain\"],\"logo\":{\"@type\":\"ImageObject\",\"@id\":\"https:\/\/bravolegal.es\/#logo\",\"inLanguage\":\"es\",\"url\":\"https:\/\/i0.wp.com\/bravolegal.es\/wp-content\/uploads\/2016\/10\/admin.png?fit=210%2C80&ssl=1\",\"width\":210,\"height\":80,\"caption\":\"Bravo Legal S.L.\"},\"image\":{\"@id\":\"https:\/\/bravolegal.es\/#logo\"}},{\"@type\":\"WebSite\",\"@id\":\"https:\/\/bravolegal.es\/#website\",\"url\":\"https:\/\/bravolegal.es\/\",\"name\":\"BRAVO LEGAL, S.L\",\"description\":\"Tax, Legal and Real Estate Consulting on the Costa del Sol. Specialist in Property Conveyancing\",\"publisher\":{\"@id\":\"https:\/\/bravolegal.es\/#organization\"},\"potentialAction\":[{\"@type\":\"SearchAction\",\"target\":\"https:\/\/bravolegal.es\/?s={search_term_string}\",\"query-input\":\"required name=search_term_string\"}],\"inLanguage\":\"es\"},{\"@type\":\"WebPage\",\"@id\":\"https:\/\/bravolegal.es\/es\/aviso-legal\/#webpage\",\"url\":\"https:\/\/bravolegal.es\/es\/aviso-legal\/\",\"name\":\"AVISO LEGAL WWW.BRAVOLEGAL.ES - SEGURIDAD Y PRIVACIDAD\",\"isPartOf\":{\"@id\":\"https:\/\/bravolegal.es\/#website\"},\"datePublished\":\"2016-02-23T08:15:25+00:00\",\"dateModified\":\"2021-03-27T10:10:35+00:00\",\"description\":\"Aviso Legal de la web www.bravolegal.es: Datos corporativos, Privacidad, Seguridad, Responsabilidad Limitada, etc.\",\"inLanguage\":\"es\",\"potentialAction\":[{\"@type\":\"ReadAction\",\"target\":[\"https:\/\/bravolegal.es\/es\/aviso-legal\/\"]}]}]}<\/script>\n<!-- \/ Yoast SEO Premium plugin. -->","_links":{"self":[{"href":"https:\/\/bravolegal.es\/es\/wp-json\/wp\/v2\/pages\/5926"}],"collection":[{"href":"https:\/\/bravolegal.es\/es\/wp-json\/wp\/v2\/pages"}],"about":[{"href":"https:\/\/bravolegal.es\/es\/wp-json\/wp\/v2\/types\/page"}],"author":[{"embeddable":true,"href":"https:\/\/bravolegal.es\/es\/wp-json\/wp\/v2\/users\/1"}],"replies":[{"embeddable":true,"href":"https:\/\/bravolegal.es\/es\/wp-json\/wp\/v2\/comments?post=5926"}],"version-history":[{"count":13,"href":"https:\/\/bravolegal.es\/es\/wp-json\/wp\/v2\/pages\/5926\/revisions"}],"predecessor-version":[{"id":7541,"href":"https:\/\/bravolegal.es\/es\/wp-json\/wp\/v2\/pages\/5926\/revisions\/7541"}],"wp:attachment":[{"href":"https:\/\/bravolegal.es\/es\/wp-json\/wp\/v2\/media?parent=5926"}],"curies":[{"name":"wp","href":"https:\/\/api.w.org\/{rel}","templated":true}]}}